{"id":20519,"date":"2015-02-28T17:44:05","date_gmt":"2015-02-28T20:44:05","guid":{"rendered":"https:\/\/clickcarangola.com.br\/site\/?page_id=20519"},"modified":"2025-01-02T17:51:31","modified_gmt":"2025-01-02T20:51:31","slug":"depoimentos","status":"publish","type":"page","link":"https:\/\/clickcarangola.com.br\/site\/depoimentos\/","title":{"rendered":"Depoimentos"},"content":{"rendered":"<p><strong>Click Carangola comemora 15 anos!<\/strong><\/p>\n<p>H\u00e1 quinze anos (mais precisamente, no dia 07\/01\/2010 &#8211; Anivers\u00e1rio de Carangola) entrava no ar a primeira vers\u00e3o do portal de not\u00edcias Click Carangola. De l\u00e1 para c\u00e1, foram diversas not\u00edcias, imagens, v\u00eddeos, eventos e v\u00e1rios amigos pelo trajeto&#8230;<\/p>\n<p>&#8220;Mas, uma coisa sempre permaneceu: a vontade de trazer conte\u00fado de qualidade para as pessoas mais importantes desta rela\u00e7\u00e3o \u2013 voc\u00eas, leitores! Cada planejamento, post e a\u00e7\u00f5es executadas pela equipe t\u00eam sempre o \u00fanico prop\u00f3sito de dividir com voc\u00eas nosso amor pela informa\u00e7\u00e3o e informa\u00e7\u00e3o de qualidade. Almejamos sempre ter um passo a frente, para que voc\u00eas tenham acesso a um site sempre recheado de novidades.&#8221;<\/p>\n<p>Agradecemos ao nosso Senhor Jesus Cristo, aos nossos familiares, amigos, parceiros, colaboradores, patrocinadores e anunciantes, a nossa equipe e a cada um que de alguma forma contribuiu e contribui com a gente. Em nome de todos que fazem o Click Carangola, refer\u00eancia em mais de 25 munic\u00edpios, nosso muito obrigado, e continue sempre com a gente, pois, \u00e9 grande a satisfa\u00e7\u00e3o de ter voc\u00ea como visitante.<\/p>\n<p>Universo Comunica\u00e7\u00e3o.<\/p>\n","protected":false},"excerpt":{"rendered":"<p>Click Carangola comemora 15 anos! H\u00e1 quinze anos (mais precisamente, no dia 07\/01\/2010 &#8211; Anivers\u00e1rio de Carangola) entrava no ar a primeira vers\u00e3o do portal de not\u00edcias Click Carangola. De l\u00e1 para c\u00e1, foram diversas not\u00edcias, imagens, v\u00eddeos, eventos e v\u00e1rios amigos pelo trajeto&#8230; &#8220;Mas, uma coisa sempre permaneceu: a vontade de trazer conte\u00fado de [&hellip;]<\/p>\n","protected":false},"author":2,"featured_media":0,"parent":0,"menu_order":0,"comment_status":"open","ping_status":"open","template":"","meta":{"footnotes":""},"class_list":["post-20519","page","type-page","status-publish","hentry"],"_links":{"self":[{"href":"https:\/\/clickcarangola.com.br\/site\/wp-json\/wp\/v2\/pages\/20519","targetHints":{"allow":["GET"]}}],"collection":[{"href":"https:\/\/clickcarangola.com.br\/site\/wp-json\/wp\/v2\/pages"}],"about":[{"href":"https:\/\/clickcarangola.com.br\/site\/wp-json\/wp\/v2\/types\/page"}],"author":[{"embeddable":true,"href":"https:\/\/clickcarangola.com.br\/site\/wp-json\/wp\/v2\/users\/2"}],"replies":[{"embeddable":true,"href":"https:\/\/clickcarangola.com.br\/site\/wp-json\/wp\/v2\/comments?post=20519"}],"version-history":[{"count":21,"href":"https:\/\/clickcarangola.com.br\/site\/wp-json\/wp\/v2\/pages\/20519\/revisions"}],"predecessor-version":[{"id":50618,"href":"https:\/\/clickcarangola.com.br\/site\/wp-json\/wp\/v2\/pages\/20519\/revisions\/50618"}],"wp:attachment":[{"href":"https:\/\/clickcarangola.com.br\/site\/wp-json\/wp\/v2\/media?parent=20519"}],"curies":[{"name":"wp","href":"https:\/\/api.w.org\/{rel}","templated":true}]}}