{"id":26369,"date":"2016-11-01T14:17:15","date_gmt":"2016-11-01T17:17:15","guid":{"rendered":"https:\/\/clickcarangola.com.br\/site\/?page_id=26369"},"modified":"2018-03-29T13:14:48","modified_gmt":"2018-03-29T16:14:48","slug":"parcerias","status":"publish","type":"page","link":"https:\/\/clickcarangola.com.br\/site\/parcerias\/","title":{"rendered":"Parcerias"},"content":{"rendered":"<p style=\"text-align: justify;\"><span style=\"color: #888888;\">Voc\u00ea que possui um blog, site ou portal com conte\u00fado atualizado e exclusivo da nossa regi\u00e3o ou de sua cidade, pode se tornar um parceiro Click Carangola e ter uma s\u00e9rie de vantagens.\u00a0<\/span><span style=\"color: #888888;\">Os requisitos m\u00ednimos para a parceria s\u00e3o:<\/span><\/p>\n<p style=\"text-align: justify;\"><span style=\"color: #888888;\">&#8211; Site de conte\u00fado regional e exclusivo;<\/span><br \/>\n<span style=\"color: #888888;\">&#8211; Nenhum tipo de publica\u00e7\u00e3o de material ilegal ou impr\u00f3prio;<\/span><br \/>\n<span style=\"color: #888888;\">&#8211; 750 acessos \u00fanicos comprovados atrav\u00e9s de relat\u00f3rios do Google Analytics.<\/span><\/p>\n<p style=\"text-align: justify;\"><span style=\"color: #888888;\">Se voc\u00ea preenche um ou mais dos requisitos acima, entre em contato com a nossa equipe no e-mail: <strong>contato@clickcarangola.com.br<\/strong><\/span><\/p>\n<p><span style=\"color: #888888;\"><strong>CONFIRA ABAIXO NOSSOS ATUAIS PARCEIROS:<\/strong><\/span><\/p>\n<p><a href=\"https:\/\/www.clicknat.com.br\/\" target=\"_blank\" rel=\"noopener noreferrer\">\u00bb Click Nat<\/a>\u00a0&#8211;\u00a0https:\/\/www.clicknat.com.br\/<br \/>\n<a href=\"https:\/\/www.comentariostombos.com.br\/\" target=\"_blank\" rel=\"noopener noreferrer\">\u00bb Coment\u00e1rio Tombos<\/a>\u00a0&#8211;\u00a0https:\/\/www.comentariostombos.com.br\/<br \/>\n<a href=\"https:\/\/conexaonoroeste.wordpress.com\/\" target=\"_blank\" rel=\"noopener noreferrer\">\u00bb Conex\u00e3o Noroeste<\/a>\u00a0&#8211;\u00a0https:\/\/conexaonoroeste.wordpress.com\/<br \/>\n<a href=\"https:\/\/www.fervedouroconectado.com.br\/\" target=\"_blank\" rel=\"noopener noreferrer\">\u00bb Fervedouro Conectado<\/a>\u00a0&#8211;\u00a0https:\/\/www.fervedouroconectado.com.br\/<br \/>\n<a href=\"https:\/\/www.ibatibaonline.com.br\/\" target=\"_blank\" rel=\"noopener noreferrer\">\u00bb Ibatiba Online<\/a>\u00a0&#8211;\u00a0https:\/\/ibatibaonline.com.br\/<br \/>\n<a href=\"https:\/\/www.interligadonline.com\/\" target=\"_blank\" rel=\"noopener noreferrer\">\u00bb Interligado Online<\/a>\u00a0&#8211;\u00a0https:\/\/www.interligadonline.com\/site\/<br \/>\n<a href=\"https:\/\/itaperunanews.com.br\/\" target=\"_blank\" rel=\"noopener noreferrer\">\u00bb Itaperuna News<\/a>\u00a0&#8211;\u00a0https:\/\/itaperunanews.com.br\/site\/<br \/>\n<a href=\"https:\/\/www.matipoweb.com.br\/\" target=\"_blank\" rel=\"noopener noreferrer\">\u00bb Matip\u00f3 Web<\/a>\u00a0&#8211;\u00a0https:\/\/matipoweb.com.br\/<br \/>\n<a href=\"https:\/\/www.miradouronoticias.com\/\" target=\"_blank\" rel=\"noopener noreferrer\">\u00bb Miradouro Not\u00edcias<\/a>\u00a0&#8211;\u00a0https:\/\/www.miradouronoticias.com\/<br \/>\n<a href=\"https:\/\/www.misterwhat.com.br\/\" target=\"_blank\" rel=\"noopener noreferrer\">\u00bb Mister What<\/a>\u00a0&#8211;\u00a0https:\/\/www.misterwhat.com.br\/<br \/>\n<a href=\"https:\/\/www.mutumonline.com\/\" target=\"_blank\" rel=\"noopener noreferrer\">\u00bb Mutum On Line<\/a>\u00a0&#8211;\u00a0https:\/\/www.mutumonline.com\/site\/<br \/>\n<a href=\"https:\/\/www.jornalocampeao.com\/\" target=\"_blank\" rel=\"noopener noreferrer\">\u00bb O Campe\u00e3o<\/a>\u00a0&#8211;\u00a0https:\/\/www.jornalocampeao.com\/<br \/>\n<a href=\"https:\/\/www.oimpactopublicidade.com.br\/\" target=\"_blank\" rel=\"noopener noreferrer\">\u00bb O Impacto<\/a>\u00a0&#8211;\u00a0https:\/\/www.oimpactopublicidade.com.br\/<br \/>\n<a href=\"https:\/\/www.radianterecreio.com.br\/\" target=\"_blank\" rel=\"noopener noreferrer\">\u00bb O Jornal de Recreio<\/a>\u00a0&#8211;\u00a0https:\/\/www.portalrecreiominas.com.br\/<br \/>\n<a href=\"https:\/\/www.policiaecia.com.br\/\" target=\"_blank\" rel=\"noopener noreferrer\">\u00bb Pol\u00edcia &amp; Cia<\/a>\u00a0&#8211;\u00a0https:\/\/policiaecia.com.br\/<br \/>\n<a href=\"https:\/\/www.portalcaparao.com.br\/\" target=\"_blank\" rel=\"noopener noreferrer\">\u00bb Portal Capara\u00f3<\/a>\u00a0&#8211;\u00a0https:\/\/www.portalcaparao.com.br\/<br \/>\n<a href=\"https:\/\/www.portalcarangola.com\/\" target=\"_blank\" rel=\"noopener noreferrer\">\u00bb Portal Carangola<\/a>\u00a0&#8211;\u00a0https:\/\/portalcarangola.com\/<br \/>\n<a href=\"https:\/\/www.portalclick.com.br\/\" target=\"_blank\" rel=\"noopener noreferrer\">\u00bb Portal Click<\/a>\u00a0&#8211;\u00a0https:\/\/portalclick.com.br\/<br \/>\n<a href=\"https:\/\/www.portaldamata.com\/\" target=\"_blank\" rel=\"noopener noreferrer\">\u00bb Portal da Mata<\/a>\u00a0&#8211;\u00a0https:\/\/www.portaldamata.com\/<br \/>\n<a href=\"https:\/\/www.portaldoleste.com\/\" target=\"_blank\" rel=\"noopener noreferrer\">\u00bb Portal do Leste<\/a>\u00a0&#8211;\u00a0https:\/\/www.portaldoleste.com\/<br \/>\n<a href=\"https:\/\/www.portalesperafeliz.com.br\/\" target=\"_blank\" rel=\"noopener noreferrer\">\u00bb Portal Espera Feliz<\/a>\u00a0&#8211;\u00a0https:\/\/www.portalesperafeliz.com.br\/<br \/>\n<a href=\"https:\/\/www.portalmiradouro.com.br\/\" target=\"_blank\" rel=\"noopener noreferrer\">\u00bb Portal Miradouro<\/a>\u00a0&#8211;\u00a0https:\/\/www.portalmiradouro.com.br\/<br \/>\n<a href=\"https:\/\/www.pingodagua.net\/\" target=\"_blank\" rel=\"noopener noreferrer\">\u00bb Portal Pingo D\u2019\u00e1gua<\/a>\u00a0&#8211;\u00a0https:\/\/www.pingodagua.net\/<br \/>\n<a href=\"https:\/\/www.portalvilanova.com\/\" target=\"_blank\" rel=\"noopener noreferrer\">\u00bb Portal Vila Nova<\/a>\u00a0&#8211;\u00a0https:\/\/www.portalvilanova.com\/<br \/>\n<a href=\"https:\/\/www.radiomuriae.com.br\/\" target=\"_blank\" rel=\"noopener noreferrer\">\u00bb R\u00e1dio Muria\u00e9<\/a>\u00a0&#8211;\u00a0https:\/\/www.radiomuriae.com.br\/site\/<br \/>\n<a href=\"https:\/\/www.silvanalves.com.br\/\" target=\"_blank\" rel=\"noopener noreferrer\">\u00bb Silvan Alves<\/a>\u00a0&#8211;\u00a0https:\/\/silvanalves.com.br\/site\/<br \/>\n<a href=\"https:\/\/www.unidadenoticias.com.br\/\" target=\"_blank\" rel=\"noopener noreferrer\">\u00bb Unidade de Not\u00edcias<\/a>\u00a0&#8211;\u00a0https:\/\/www.unidadenoticias.com.br\/<br \/>\n<a href=\"https:\/\/willianchaves.blogspot.com.br\/\" target=\"_blank\" rel=\"noopener noreferrer\">\u00bb Willian Chaves<\/a>\u00a0&#8211;\u00a0https:\/\/willianchaves.blogspot.com.br\/<br \/>\n<a href=\"https:\/\/www.zonadamatanews.com.br\/\" target=\"_blank\" rel=\"noopener noreferrer\">\u00bb Zona da Mata News<\/a>\u00a0&#8211;\u00a0https:\/\/www.zonadamatanews.com.br\/<\/p>\n","protected":false},"excerpt":{"rendered":"<p>Voc\u00ea que possui um blog, site ou portal com conte\u00fado atualizado e exclusivo da nossa regi\u00e3o ou de sua cidade, pode se tornar um parceiro Click Carangola e ter uma s\u00e9rie de vantagens.\u00a0Os requisitos m\u00ednimos para a parceria s\u00e3o: &#8211; Site de conte\u00fado regional e exclusivo; &#8211; Nenhum tipo de publica\u00e7\u00e3o de material ilegal ou [&hellip;]<\/p>\n","protected":false},"author":2,"featured_media":0,"parent":0,"menu_order":0,"comment_status":"open","ping_status":"open","template":"","meta":{"footnotes":""},"class_list":["post-26369","page","type-page","status-publish","hentry"],"_links":{"self":[{"href":"https:\/\/clickcarangola.com.br\/site\/wp-json\/wp\/v2\/pages\/26369","targetHints":{"allow":["GET"]}}],"collection":[{"href":"https:\/\/clickcarangola.com.br\/site\/wp-json\/wp\/v2\/pages"}],"about":[{"href":"https:\/\/clickcarangola.com.br\/site\/wp-json\/wp\/v2\/types\/page"}],"author":[{"embeddable":true,"href":"https:\/\/clickcarangola.com.br\/site\/wp-json\/wp\/v2\/users\/2"}],"replies":[{"embeddable":true,"href":"https:\/\/clickcarangola.com.br\/site\/wp-json\/wp\/v2\/comments?post=26369"}],"version-history":[{"count":12,"href":"https:\/\/clickcarangola.com.br\/site\/wp-json\/wp\/v2\/pages\/26369\/revisions"}],"predecessor-version":[{"id":33226,"href":"https:\/\/clickcarangola.com.br\/site\/wp-json\/wp\/v2\/pages\/26369\/revisions\/33226"}],"wp:attachment":[{"href":"https:\/\/clickcarangola.com.br\/site\/wp-json\/wp\/v2\/media?parent=26369"}],"curies":[{"name":"wp","href":"https:\/\/api.w.org\/{rel}","templated":true}]}}