{"id":34,"date":"2011-08-18T21:43:30","date_gmt":"2011-08-19T00:43:30","guid":{"rendered":"https:\/\/clickcarangola.com.br\/site\/?page_id=34"},"modified":"2020-11-01T11:50:38","modified_gmt":"2020-11-01T14:50:38","slug":"anuncieconosco","status":"publish","type":"page","link":"https:\/\/clickcarangola.com.br\/site\/anuncieconosco\/","title":{"rendered":"Anuncie Conosco"},"content":{"rendered":"<p><strong>Por que anunciar na Internet?<\/strong><\/p>\n<p>\u00bb\u00a0Existem hoje mais de 100 milh\u00f5es de internautas espalhados pelo pa\u00eds \u2013 o que coloca o Brasil entre os cinco do ranking mundial;<\/p>\n<p>\u00bb\u00a0\u00c9 a m\u00eddia que tem o maior crescimento de ades\u00e3o de gente nova diariamente, apresentando sucessivas quebras de recordes de usu\u00e1rios e de tempo de navega\u00e7\u00e3o;<\/p>\n<p>\u00bb Um caminho para a consolida\u00e7\u00e3o do meio como m\u00eddia de massa.<\/p>\n<p><strong>Informa\u00e7\u00f5es e consultoria:\u00a0publicidadeclickcarangola@gmail.com<\/strong><\/p>\n","protected":false},"excerpt":{"rendered":"<p>Por que anunciar na Internet? \u00bb\u00a0Existem hoje mais de 100 milh\u00f5es de internautas espalhados pelo pa\u00eds \u2013 o que coloca o Brasil entre os cinco do ranking mundial; \u00bb\u00a0\u00c9 a m\u00eddia que tem o maior crescimento de ades\u00e3o de gente nova diariamente, apresentando sucessivas quebras de recordes de usu\u00e1rios e de tempo de navega\u00e7\u00e3o; \u00bb [&hellip;]<\/p>\n","protected":false},"author":2,"featured_media":0,"parent":0,"menu_order":0,"comment_status":"open","ping_status":"open","template":"","meta":{"footnotes":""},"class_list":["post-34","page","type-page","status-publish","hentry"],"_links":{"self":[{"href":"https:\/\/clickcarangola.com.br\/site\/wp-json\/wp\/v2\/pages\/34","targetHints":{"allow":["GET"]}}],"collection":[{"href":"https:\/\/clickcarangola.com.br\/site\/wp-json\/wp\/v2\/pages"}],"about":[{"href":"https:\/\/clickcarangola.com.br\/site\/wp-json\/wp\/v2\/types\/page"}],"author":[{"embeddable":true,"href":"https:\/\/clickcarangola.com.br\/site\/wp-json\/wp\/v2\/users\/2"}],"replies":[{"embeddable":true,"href":"https:\/\/clickcarangola.com.br\/site\/wp-json\/wp\/v2\/comments?post=34"}],"version-history":[{"count":176,"href":"https:\/\/clickcarangola.com.br\/site\/wp-json\/wp\/v2\/pages\/34\/revisions"}],"predecessor-version":[{"id":43638,"href":"https:\/\/clickcarangola.com.br\/site\/wp-json\/wp\/v2\/pages\/34\/revisions\/43638"}],"wp:attachment":[{"href":"https:\/\/clickcarangola.com.br\/site\/wp-json\/wp\/v2\/media?parent=34"}],"curies":[{"name":"wp","href":"https:\/\/api.w.org\/{rel}","templated":true}]}}